{"id":815,"date":"2026-04-21T10:36:36","date_gmt":"2026-04-21T10:36:36","guid":{"rendered":"https:\/\/iscidenetimi.net\/?page_id=815"},"modified":"2026-04-21T20:04:42","modified_gmt":"2026-04-21T20:04:42","slug":"anasayfa","status":"publish","type":"page","link":"https:\/\/iscidenetimi.net\/","title":{"rendered":""},"content":{"rendered":"\n<div class=\"wp-block-columns is-layout-flex wp-container-core-columns-is-layout-28f84493 wp-block-columns-is-layout-flex\">\n<div class=\"wp-block-column is-layout-flow wp-block-column-is-layout-flow\">\n<h2 class=\"wp-block-heading kart\"><a href=\"https:\/\/iscidenetimi.net\/?cat=68\" data-type=\"category\" data-id=\"68\">\u0130\u015f\u00e7i Denetimi<\/a><\/h2>\n\n\n\n<p class=\"has-text-align-left has-background\" style=\"border-style:none;border-width:0px;background-color:#f2f2f2;padding-top:20px;padding-right:20px;padding-bottom:20px;padding-left:20px\">\u0130\u015f\u00e7ilerin \u00fcretim s\u00fcre\u00e7leri \u00fczerinde s\u00f6z sahibi oldu\u011fu kolektif \u00f6rg\u00fctlenme bi\u00e7imleri.<\/p>\n<\/div>\n\n\n\n<div class=\"wp-block-column is-layout-flow wp-block-column-is-layout-flow\">\n<h2 class=\"wp-block-heading kart\"><a href=\"https:\/\/iscidenetimi.net\/?page_id=821\" data-type=\"page\" data-id=\"821\">Empresas Recuperadas<\/a><\/h2>\n\n\n\n<p class=\"has-background\" style=\"border-style:none;border-width:0px;background-color:#f2f2f2;padding-top:20px;padding-right:20px;padding-bottom:20px;padding-left:20px\">\u0130\u015f\u00e7iler taraf\u0131ndan devral\u0131nan i\u015fletmeler \u00fczerine saha \u00e7al\u0131\u015fmalar\u0131 ve analizler.<\/p>\n<\/div>\n\n\n\n<div class=\"wp-block-column is-layout-flow wp-block-column-is-layout-flow\">\n<h2 class=\"wp-block-heading kart\"><a href=\"https:\/\/iscidenetimi.net\/?cat=72\" data-type=\"category\" data-id=\"72\">Dayan\u0131\u015fma Ekonomisi<\/a><\/h2>\n\n\n\n<p class=\"has-background\" style=\"border-style:none;border-width:0px;background-color:#f2f2f2;padding-top:20px;padding-right:20px;padding-bottom:20px;padding-left:20px\">Kooperatifler, m\u00fc\u015fterekler ve alternatif \u00fcretim bi\u00e7imleri \u00fczerine \u00e7al\u0131\u015fmalar.<\/p>\n<\/div>\n<\/div>\n\n\n\n<p><\/p>\n","protected":false},"excerpt":{"rendered":"<p>\u0130\u015f\u00e7i Denetimi \u0130\u015f\u00e7ilerin \u00fcretim s\u00fcre\u00e7leri \u00fczerinde s\u00f6z sahibi oldu\u011fu kolektif \u00f6rg\u00fctlenme bi\u00e7imleri. Empresas Recuperadas \u0130\u015f\u00e7iler taraf\u0131ndan devral\u0131nan i\u015fletmeler \u00fczerine saha \u00e7al\u0131\u015fmalar\u0131 ve analizler. Dayan\u0131\u015fma Ekonomisi Kooperatifler, m\u00fc\u015fterekler ve alternatif \u00fcretim bi\u00e7imleri \u00fczerine \u00e7al\u0131\u015fmalar.<\/p>\n","protected":false},"author":1,"featured_media":0,"parent":0,"menu_order":0,"comment_status":"closed","ping_status":"closed","template":"","meta":{"site-sidebar-layout":"default","site-content-layout":"","ast-site-content-layout":"default","site-content-style":"default","site-sidebar-style":"default","ast-global-header-display":"","ast-banner-title-visibility":"","ast-main-header-display":"","ast-hfb-above-header-display":"","ast-hfb-below-header-display":"","ast-hfb-mobile-header-display":"","site-post-title":"disabled","ast-breadcrumbs-content":"","ast-featured-img":"","footer-sml-layout":"","ast-disable-related-posts":"","theme-transparent-header-meta":"","adv-header-id-meta":"","stick-header-meta":"","header-above-stick-meta":"","header-main-stick-meta":"","header-below-stick-meta":"","astra-migrate-meta-layouts":"default","ast-page-background-enabled":"default","ast-page-background-meta":{"desktop":{"background-color":"var(--ast-global-color-5)","background-image":"","background-repeat":"repeat","background-position":"center center","background-size":"auto","background-attachment":"scroll","background-type":"","background-media":"","overlay-type":"","overlay-color":"","overlay-opacity":"","overlay-gradient":""},"tablet":{"background-color":"","background-image":"","background-repeat":"repeat","background-position":"center center","background-size":"auto","background-attachment":"scroll","background-type":"","background-media":"","overlay-type":"","overlay-color":"","overlay-opacity":"","overlay-gradient":""},"mobile":{"background-color":"","background-image":"","background-repeat":"repeat","background-position":"center center","background-size":"auto","background-attachment":"scroll","background-type":"","background-media":"","overlay-type":"","overlay-color":"","overlay-opacity":"","overlay-gradient":""}},"ast-content-background-meta":{"desktop":{"background-color":"var(--ast-global-color-4)","background-image":"","background-repeat":"repeat","background-position":"center center","background-size":"auto","background-attachment":"scroll","background-type":"","background-media":"","overlay-type":"","overlay-color":"","overlay-opacity":"","overlay-gradient":""},"tablet":{"background-color":"var(--ast-global-color-4)","background-image":"","background-repeat":"repeat","background-position":"center center","background-size":"auto","background-attachment":"scroll","background-type":"","background-media":"","overlay-type":"","overlay-color":"","overlay-opacity":"","overlay-gradient":""},"mobile":{"background-color":"var(--ast-global-color-4)","background-image":"","background-repeat":"repeat","background-position":"center center","background-size":"auto","background-attachment":"scroll","background-type":"","background-media":"","overlay-type":"","overlay-color":"","overlay-opacity":"","overlay-gradient":""}},"footnotes":""},"class_list":["post-815","page","type-page","status-publish","hentry"],"_links":{"self":[{"href":"https:\/\/iscidenetimi.net\/index.php?rest_route=\/wp\/v2\/pages\/815","targetHints":{"allow":["GET"]}}],"collection":[{"href":"https:\/\/iscidenetimi.net\/index.php?rest_route=\/wp\/v2\/pages"}],"about":[{"href":"https:\/\/iscidenetimi.net\/index.php?rest_route=\/wp\/v2\/types\/page"}],"author":[{"embeddable":true,"href":"https:\/\/iscidenetimi.net\/index.php?rest_route=\/wp\/v2\/users\/1"}],"replies":[{"embeddable":true,"href":"https:\/\/iscidenetimi.net\/index.php?rest_route=%2Fwp%2Fv2%2Fcomments&post=815"}],"version-history":[{"count":14,"href":"https:\/\/iscidenetimi.net\/index.php?rest_route=\/wp\/v2\/pages\/815\/revisions"}],"predecessor-version":[{"id":963,"href":"https:\/\/iscidenetimi.net\/index.php?rest_route=\/wp\/v2\/pages\/815\/revisions\/963"}],"wp:attachment":[{"href":"https:\/\/iscidenetimi.net\/index.php?rest_route=%2Fwp%2Fv2%2Fmedia&parent=815"}],"curies":[{"name":"wp","href":"https:\/\/api.w.org\/{rel}","templated":true}]}}