{"id":531,"date":"2024-06-21T00:48:30","date_gmt":"2024-06-21T00:48:30","guid":{"rendered":"https:\/\/iscidenetimi.net\/?page_id=531"},"modified":"2026-04-21T18:01:04","modified_gmt":"2026-04-21T18:01:04","slug":"nosotros","status":"publish","type":"page","link":"https:\/\/iscidenetimi.net\/?page_id=531&lang=es","title":{"rendered":"Sobre"},"content":{"rendered":"\n<p>Nos centramos en alternativas econ\u00f3micas democr\u00e1ticas, igualitarias y solidarias frente al modelo neoliberal\/capitalista, as\u00ed como en las empresas, organizaciones y pr\u00e1cticas que surgen en este marco. Consideramos que el conocimiento te\u00f3rico y pr\u00e1ctico sobre el control obrero y la autogesti\u00f3n es muy rico y a\u00fan no ha sido suficientemente visibilizado.<\/p>\n\n\n\n<p>Por control obrero entendemos las iniciativas de los trabajadores sobre el proceso de producci\u00f3n. En este sentido, abordamos tanto el concepto de \u201ctrabajador\u201d como el de \u201ccontrol\u201d en su sentido m\u00e1s amplio. Valoramos todas las formas de intervenci\u00f3n de los sectores explotados, oprimidos y excluidos frente a relaciones competitivas, jer\u00e1rquicas y alienantes, as\u00ed como sus intentos de construir alternativas solidarias.<\/p>\n\n\n\n<p>Adoptamos una perspectiva inclusiva respecto a las distintas formas de control obrero. Desde la participaci\u00f3n hasta la gesti\u00f3n obrera, desde las cooperativas hasta la econom\u00eda social y solidaria, consideramos estas experiencias como distintas manifestaciones de la intervenci\u00f3n de los trabajadores en las relaciones de propiedad y trabajo. Estas intervenciones son tambi\u00e9n el resultado de procesos de lucha.<\/p>\n\n\n\n<p>Entendemos esta lucha como un proceso que interviene en el modelo neoliberal y en las relaciones capitalistas, contribuyendo a la construcci\u00f3n de relaciones sociales m\u00e1s libres e igualitarias desde el presente. Destacamos la importancia de abordar de manera integral este conjunto de experiencias, que van desde los sindicatos hasta las cooperativas y desde la econom\u00eda solidaria hasta la autogesti\u00f3n.<\/p>\n\n\n\n<p>Consideramos las experiencias del pasado, con sus aspectos positivos y negativos, como un legado fundamental. La autogesti\u00f3n, entendida como la lucha de los productores directos por tener control sobre su trabajo y sus vidas, puede considerarse tan antigua como la propia historia de la humanidad. El control obrero y la autogesti\u00f3n han mantenido su vigencia desde la aparici\u00f3n del capitalismo industrial.<\/p>\n\n\n\n<p>Hoy en d\u00eda, estos debates son quiz\u00e1s m\u00e1s actuales que nunca. Especialmente en Argentina y Am\u00e9rica Latina, se destacan numerosas experiencias y debates acad\u00e9micos y sociales en torno al control obrero y la autogesti\u00f3n.<\/p>\n\n\n\n<p>Esta iniciativa tiene como objetivo analizar todas las pr\u00e1cticas que intervienen en las relaciones econ\u00f3micas y laborales existentes en direcci\u00f3n a alternativas m\u00e1s igualitarias y emancipadoras. Busca investigar las experiencias del pasado y seguir de cerca los debates contempor\u00e1neos.<\/p>\n\n\n\n<p>Asimismo, esta iniciativa puede sentar las bases para desarrollos institucionales futuros. En este sentido, puede considerarse como un primer paso hacia la creaci\u00f3n de un <strong>\u201cInstituto de Estudios sobre el Control Obrero.\u201d<\/strong><\/p>\n","protected":false},"excerpt":{"rendered":"<p>Nos centramos en alternativas econ\u00f3micas democr\u00e1ticas, igualitarias y solidarias frente al modelo neoliberal\/capitalista, as\u00ed como en las empresas, organizaciones y pr\u00e1cticas que surgen en este marco. Consideramos que el conocimiento te\u00f3rico y pr\u00e1ctico sobre el control obrero y la autogesti\u00f3n es muy rico y a\u00fan no ha sido suficientemente visibilizado. Por control obrero entendemos las [&hellip;]<\/p>\n","protected":false},"author":1,"featured_media":0,"parent":0,"menu_order":0,"comment_status":"closed","ping_status":"closed","template":"","meta":{"site-sidebar-layout":"default","site-content-layout":"","ast-site-content-layout":"default","site-content-style":"default","site-sidebar-style":"default","ast-global-header-display":"","ast-banner-title-visibility":"","ast-main-header-display":"","ast-hfb-above-header-display":"","ast-hfb-below-header-display":"","ast-hfb-mobile-header-display":"","site-post-title":"","ast-breadcrumbs-content":"","ast-featured-img":"","footer-sml-layout":"","ast-disable-related-posts":"","theme-transparent-header-meta":"","adv-header-id-meta":"","stick-header-meta":"","header-above-stick-meta":"","header-main-stick-meta":"","header-below-stick-meta":"","astra-migrate-meta-layouts":"default","ast-page-background-enabled":"default","ast-page-background-meta":{"desktop":{"background-color":"var(--ast-global-color-5)","background-image":"","background-repeat":"repeat","background-position":"center center","background-size":"auto","background-attachment":"scroll","background-type":"","background-media":"","overlay-type":"","overlay-color":"","overlay-opacity":"","overlay-gradient":""},"tablet":{"background-color":"","background-image":"","background-repeat":"repeat","background-position":"center center","background-size":"auto","background-attachment":"scroll","background-type":"","background-media":"","overlay-type":"","overlay-color":"","overlay-opacity":"","overlay-gradient":""},"mobile":{"background-color":"","background-image":"","background-repeat":"repeat","background-position":"center center","background-size":"auto","background-attachment":"scroll","background-type":"","background-media":"","overlay-type":"","overlay-color":"","overlay-opacity":"","overlay-gradient":""}},"ast-content-background-meta":{"desktop":{"background-color":"var(--ast-global-color-4)","background-image":"","background-repeat":"repeat","background-position":"center center","background-size":"auto","background-attachment":"scroll","background-type":"","background-media":"","overlay-type":"","overlay-color":"","overlay-opacity":"","overlay-gradient":""},"tablet":{"background-color":"var(--ast-global-color-4)","background-image":"","background-repeat":"repeat","background-position":"center center","background-size":"auto","background-attachment":"scroll","background-type":"","background-media":"","overlay-type":"","overlay-color":"","overlay-opacity":"","overlay-gradient":""},"mobile":{"background-color":"var(--ast-global-color-4)","background-image":"","background-repeat":"repeat","background-position":"center center","background-size":"auto","background-attachment":"scroll","background-type":"","background-media":"","overlay-type":"","overlay-color":"","overlay-opacity":"","overlay-gradient":""}},"footnotes":""},"class_list":["post-531","page","type-page","status-publish","hentry"],"_links":{"self":[{"href":"https:\/\/iscidenetimi.net\/index.php?rest_route=\/wp\/v2\/pages\/531","targetHints":{"allow":["GET"]}}],"collection":[{"href":"https:\/\/iscidenetimi.net\/index.php?rest_route=\/wp\/v2\/pages"}],"about":[{"href":"https:\/\/iscidenetimi.net\/index.php?rest_route=\/wp\/v2\/types\/page"}],"author":[{"embeddable":true,"href":"https:\/\/iscidenetimi.net\/index.php?rest_route=\/wp\/v2\/users\/1"}],"replies":[{"embeddable":true,"href":"https:\/\/iscidenetimi.net\/index.php?rest_route=%2Fwp%2Fv2%2Fcomments&post=531"}],"version-history":[{"count":4,"href":"https:\/\/iscidenetimi.net\/index.php?rest_route=\/wp\/v2\/pages\/531\/revisions"}],"predecessor-version":[{"id":916,"href":"https:\/\/iscidenetimi.net\/index.php?rest_route=\/wp\/v2\/pages\/531\/revisions\/916"}],"wp:attachment":[{"href":"https:\/\/iscidenetimi.net\/index.php?rest_route=%2Fwp%2Fv2%2Fmedia&parent=531"}],"curies":[{"name":"wp","href":"https:\/\/api.w.org\/{rel}","templated":true}]}}