{"id":1130,"date":"2026-04-22T17:18:16","date_gmt":"2026-04-22T17:18:16","guid":{"rendered":"https:\/\/iscidenetimi.net\/?page_id=1130"},"modified":"2026-04-22T17:18:16","modified_gmt":"2026-04-22T17:18:16","slug":"a-propos","status":"publish","type":"page","link":"https:\/\/iscidenetimi.net\/?page_id=1130&lang=fr","title":{"rendered":"\u00c0 propos"},"content":{"rendered":"\n<p>Nous nous concentrons sur des formes \u00e9conomiques d\u00e9mocratiques, \u00e9galitaires et solidaires, alternatives \u00e0 l\u2019\u00e9conomie n\u00e9olib\u00e9rale\/capitaliste, ainsi que sur les entreprises, les formes d\u2019organisation et les pratiques qui se d\u00e9veloppent dans cette perspective. Nous consid\u00e9rons que les connaissances, \u00e0 la fois th\u00e9oriques et pratiques, sur le contr\u00f4le ouvrier et l\u2019autogestion ouvri\u00e8re sont extr\u00eamement riches et m\u00e9ritent d\u2019\u00eatre davantage rendues visibles.<\/p>\n\n\n\n<p>Par le concept de contr\u00f4le ouvrier, nous entendons les initiatives des travailleurs sur le processus de production. Dans ce cadre, nous abordons les notions de \u00ab travailleur \u00bb et de \u00ab contr\u00f4le \u00bb dans leur sens le plus large. Nous accordons de l\u2019importance \u00e0 toutes les formes d\u2019intervention des groupes exploit\u00e9s, opprim\u00e9s et marginalis\u00e9s face aux relations comp\u00e9titives, hi\u00e9rarchiques et ali\u00e9nantes, ainsi qu\u2019\u00e0 leurs recherches d\u2019alternatives solidaires.<\/p>\n\n\n\n<p>Nous n\u2019excluons pas les diff\u00e9rentes formes de contr\u00f4le ouvrier ; au contraire, nous les abordons dans une perspective inclusive. De la participation des travailleurs \u00e0 la gestion par les travailleurs, des coop\u00e9ratives aux \u00e9conomies sociale et solidaire, et du contr\u00f4le ouvrier \u00e0 l\u2019autogestion, nous consid\u00e9rons ce vaste champ comme les diff\u00e9rentes manifestations de l\u2019intervention des travailleurs dans les relations de propri\u00e9t\u00e9 et de travail. Nous voyons \u00e9galement ces interventions comme le produit d\u2019un processus de lutte.<\/p>\n\n\n\n<p>Nous consid\u00e9rons cette lutte comme un effort visant \u00e0 construire, d\u00e8s aujourd\u2019hui, des relations sociales plus libres et plus \u00e9galitaires, dans la mesure o\u00f9 elle intervient dans le mod\u00e8le n\u00e9olib\u00e9ral et les relations capitalistes. Nous pensons qu\u2019il est important d\u2019aborder de mani\u00e8re inclusive cet ensemble de pratiques, qui se d\u00e9veloppe \u00e0 travers diff\u00e9rents canaux, des syndicats aux coop\u00e9ratives, et de l\u2019\u00e9conomie sociale et solidaire \u00e0 l\u2019autogestion.<\/p>\n\n\n\n<p>Nous consid\u00e9rons les nombreuses exp\u00e9riences du pass\u00e9 comme un h\u00e9ritage important, avec leurs aspects positifs et n\u00e9gatifs. Si l\u2019autogestion est envisag\u00e9e comme la lutte des producteurs directs pour avoir prise sur leur travail et leur vie, il s\u2019agit d\u2019un ph\u00e9nom\u00e8ne aussi ancien que l\u2019histoire de l\u2019humanit\u00e9. Le contr\u00f4le ouvrier et l\u2019autogestion ouvri\u00e8re ont, quant \u00e0 eux, conserv\u00e9 toute leur actualit\u00e9 depuis l\u2019\u00e9mergence du capitalisme industriel jusqu\u2019\u00e0 aujourd\u2019hui.<\/p>\n\n\n\n<p>Aujourd\u2019hui, ces d\u00e9bats sont peut-\u00eatre plus actuels que jamais. Les exp\u00e9riences qui \u00e9mergent dans diff\u00e9rentes r\u00e9gions du monde, notamment en Argentine et en Am\u00e9rique latine, ainsi que les d\u00e9bats acad\u00e9miques et sociaux qui les accompagnent, attirent particuli\u00e8rement l\u2019attention.<\/p>\n\n\n\n<p>Cette initiative vise, sous le titre de \u00ab contr\u00f4le ouvrier \u00bb, \u00e0 analyser l\u2019ensemble des pratiques qui se d\u00e9veloppent en direction de relations plus libres et plus \u00e9galitaires et qui interviennent dans les relations de production et de travail existantes. Elle a \u00e9galement pour objectif d\u2019\u00e9tudier les exp\u00e9riences pass\u00e9es et de suivre de pr\u00e8s les d\u00e9bats contemporains.<\/p>\n\n\n\n<p>Par ailleurs, dans la mesure o\u00f9 elle approfondit les connaissances existantes, cette initiative pourrait, \u00e0 l\u2019avenir, constituer une base pour des structures institutionnelles plus \u00e9labor\u00e9es. Dans cette perspective, elle peut \u00e9galement \u00eatre envisag\u00e9e comme une premi\u00e8re \u00e9tape vers la cr\u00e9ation d\u2019un futur \u00ab Institut d\u2019\u00e9tudes sur le contr\u00f4le ouvrier \u00bb.<\/p>\n","protected":false},"excerpt":{"rendered":"<p>Nous nous concentrons sur des formes \u00e9conomiques d\u00e9mocratiques, \u00e9galitaires et solidaires, alternatives \u00e0 l\u2019\u00e9conomie n\u00e9olib\u00e9rale\/capitaliste, ainsi que sur les entreprises, les formes d\u2019organisation et les pratiques qui se d\u00e9veloppent dans cette perspective. Nous consid\u00e9rons que les connaissances, \u00e0 la fois th\u00e9oriques et pratiques, sur le contr\u00f4le ouvrier et l\u2019autogestion ouvri\u00e8re sont extr\u00eamement riches et m\u00e9ritent [&hellip;]<\/p>\n","protected":false},"author":1,"featured_media":0,"parent":0,"menu_order":0,"comment_status":"closed","ping_status":"closed","template":"","meta":{"site-sidebar-layout":"default","site-content-layout":"","ast-site-content-layout":"default","site-content-style":"default","site-sidebar-style":"default","ast-global-header-display":"","ast-banner-title-visibility":"","ast-main-header-display":"","ast-hfb-above-header-display":"","ast-hfb-below-header-display":"","ast-hfb-mobile-header-display":"","site-post-title":"","ast-breadcrumbs-content":"","ast-featured-img":"","footer-sml-layout":"","ast-disable-related-posts":"","theme-transparent-header-meta":"","adv-header-id-meta":"","stick-header-meta":"","header-above-stick-meta":"","header-main-stick-meta":"","header-below-stick-meta":"","astra-migrate-meta-layouts":"default","ast-page-background-enabled":"default","ast-page-background-meta":{"desktop":{"background-color":"var(--ast-global-color-5)","background-image":"","background-repeat":"repeat","background-position":"center center","background-size":"auto","background-attachment":"scroll","background-type":"","background-media":"","overlay-type":"","overlay-color":"","overlay-opacity":"","overlay-gradient":""},"tablet":{"background-color":"","background-image":"","background-repeat":"repeat","background-position":"center center","background-size":"auto","background-attachment":"scroll","background-type":"","background-media":"","overlay-type":"","overlay-color":"","overlay-opacity":"","overlay-gradient":""},"mobile":{"background-color":"","background-image":"","background-repeat":"repeat","background-position":"center center","background-size":"auto","background-attachment":"scroll","background-type":"","background-media":"","overlay-type":"","overlay-color":"","overlay-opacity":"","overlay-gradient":""}},"ast-content-background-meta":{"desktop":{"background-color":"var(--ast-global-color-4)","background-image":"","background-repeat":"repeat","background-position":"center center","background-size":"auto","background-attachment":"scroll","background-type":"","background-media":"","overlay-type":"","overlay-color":"","overlay-opacity":"","overlay-gradient":""},"tablet":{"background-color":"var(--ast-global-color-4)","background-image":"","background-repeat":"repeat","background-position":"center center","background-size":"auto","background-attachment":"scroll","background-type":"","background-media":"","overlay-type":"","overlay-color":"","overlay-opacity":"","overlay-gradient":""},"mobile":{"background-color":"var(--ast-global-color-4)","background-image":"","background-repeat":"repeat","background-position":"center center","background-size":"auto","background-attachment":"scroll","background-type":"","background-media":"","overlay-type":"","overlay-color":"","overlay-opacity":"","overlay-gradient":""}},"footnotes":""},"class_list":["post-1130","page","type-page","status-publish","hentry"],"_links":{"self":[{"href":"https:\/\/iscidenetimi.net\/index.php?rest_route=\/wp\/v2\/pages\/1130","targetHints":{"allow":["GET"]}}],"collection":[{"href":"https:\/\/iscidenetimi.net\/index.php?rest_route=\/wp\/v2\/pages"}],"about":[{"href":"https:\/\/iscidenetimi.net\/index.php?rest_route=\/wp\/v2\/types\/page"}],"author":[{"embeddable":true,"href":"https:\/\/iscidenetimi.net\/index.php?rest_route=\/wp\/v2\/users\/1"}],"replies":[{"embeddable":true,"href":"https:\/\/iscidenetimi.net\/index.php?rest_route=%2Fwp%2Fv2%2Fcomments&post=1130"}],"version-history":[{"count":1,"href":"https:\/\/iscidenetimi.net\/index.php?rest_route=\/wp\/v2\/pages\/1130\/revisions"}],"predecessor-version":[{"id":1131,"href":"https:\/\/iscidenetimi.net\/index.php?rest_route=\/wp\/v2\/pages\/1130\/revisions\/1131"}],"wp:attachment":[{"href":"https:\/\/iscidenetimi.net\/index.php?rest_route=%2Fwp%2Fv2%2Fmedia&parent=1130"}],"curies":[{"name":"wp","href":"https:\/\/api.w.org\/{rel}","templated":true}]}}