{"id":1004,"date":"2026-04-22T09:36:29","date_gmt":"2026-04-22T09:36:29","guid":{"rendered":"https:\/\/iscidenetimi.net\/?page_id=1004"},"modified":"2026-04-22T09:36:29","modified_gmt":"2026-04-22T09:36:29","slug":"chi-siamo","status":"publish","type":"page","link":"https:\/\/iscidenetimi.net\/?page_id=1004&lang=it","title":{"rendered":"Chi siamo"},"content":{"rendered":"\n<p>Ci concentriamo sulle forme economiche democratiche, egualitarie e solidali alternative all\u2019economia neoliberale\/capitalista, nonch\u00e9 sulle imprese, le organizzazioni e le pratiche che si sviluppano in questa direzione. Riteniamo che esista un patrimonio teorico e pratico estremamente ricco sul controllo operaio e sull\u2019autogestione, che merita di essere reso pi\u00f9 visibile.<\/p>\n\n\n\n<p>Con il concetto di controllo operaio intendiamo l\u2019iniziativa dei lavoratori nel processo produttivo. In questo quadro, consideriamo sia il concetto di \u201clavoratore\u201d sia quello di \u201ccontrollo\u201d nel senso pi\u00f9 ampio possibile. Attribuiamo importanza a ogni forma di intervento e di ricerca di alternative solidali da parte dei soggetti sfruttati, oppressi ed esclusi nei confronti di relazioni competitive, gerarchiche e alienanti.<\/p>\n\n\n\n<p>Non escludiamo le diverse forme di controllo operaio; al contrario, le affrontiamo da una prospettiva inclusiva. Dalla partecipazione dei lavoratori alla gestione, dalle cooperative alle economie sociali e solidali, dal controllo operaio all\u2019autogestione, consideriamo questo ampio campo come diverse manifestazioni dell\u2019intervento dei lavoratori nei rapporti di propriet\u00e0 e di lavoro. Consideriamo tali interventi anche come il risultato di processi di lotta.<\/p>\n\n\n\n<p>Interpretiamo questa lotta come un tentativo di costruire fin da oggi relazioni sociali pi\u00f9 libere ed egualitarie, nella misura in cui essa interviene sul modello neoliberale e sui rapporti capitalistici. Riteniamo importante adottare una prospettiva inclusiva nei confronti di questo patrimonio che si sviluppa attraverso diversi canali, dai sindacati alle cooperative, dall\u2019economia sociale e solidale all\u2019autogestione.<\/p>\n\n\n\n<p>Valutiamo le numerose esperienze storiche, con i loro aspetti positivi e negativi, come un\u2019eredit\u00e0 significativa. Se l\u2019autogestione \u00e8 intesa come la lotta dei produttori diretti per avere voce in capitolo sul proprio lavoro e sulla propria vita, essa \u00e8 un fenomeno antico quanto la storia dell\u2019umanit\u00e0. Il controllo operaio e l\u2019autogestione, invece, hanno mantenuto la loro attualit\u00e0 dall\u2019emergere del capitalismo industriale fino a oggi.<\/p>\n\n\n\n<p>Oggi queste discussioni sono forse pi\u00f9 attuali che mai. In particolare, le esperienze emerse in diverse aree geografiche, soprattutto in Argentina e in America Latina, cos\u00ec come i dibattiti accademici e sociali che le accompagnano, attirano grande attenzione.<\/p>\n\n\n\n<p>Questa iniziativa mira a studiare, sotto il titolo di \u201ccontrollo operaio\u201d, tutte le pratiche che si sviluppano verso relazioni pi\u00f9 libere ed egualitarie e che intervengono negli attuali rapporti di produzione e di lavoro. Si propone di analizzare le esperienze passate e di seguire da vicino i dibattiti contemporanei.<\/p>\n\n\n\n<p>Allo stesso tempo, questa iniziativa, nella misura in cui contribuisce ad approfondire il patrimonio esistente, pu\u00f2 costituire una base per future strutture istituzionali pi\u00f9 ampie. In questo senso, pu\u00f2 essere considerata anche come un primo passo verso la creazione di un futuro \u201cIstituto di Studi sul Controllo Operaio\u201d.<\/p>\n","protected":false},"excerpt":{"rendered":"<p>Ci concentriamo sulle forme economiche democratiche, egualitarie e solidali alternative all\u2019economia neoliberale\/capitalista, nonch\u00e9 sulle imprese, le organizzazioni e le pratiche che si sviluppano in questa direzione. Riteniamo che esista un patrimonio teorico e pratico estremamente ricco sul controllo operaio e sull\u2019autogestione, che merita di essere reso pi\u00f9 visibile. Con il concetto di controllo operaio intendiamo [&hellip;]<\/p>\n","protected":false},"author":1,"featured_media":0,"parent":0,"menu_order":0,"comment_status":"closed","ping_status":"closed","template":"","meta":{"site-sidebar-layout":"default","site-content-layout":"","ast-site-content-layout":"default","site-content-style":"default","site-sidebar-style":"default","ast-global-header-display":"","ast-banner-title-visibility":"","ast-main-header-display":"","ast-hfb-above-header-display":"","ast-hfb-below-header-display":"","ast-hfb-mobile-header-display":"","site-post-title":"","ast-breadcrumbs-content":"","ast-featured-img":"","footer-sml-layout":"","ast-disable-related-posts":"","theme-transparent-header-meta":"","adv-header-id-meta":"","stick-header-meta":"","header-above-stick-meta":"","header-main-stick-meta":"","header-below-stick-meta":"","astra-migrate-meta-layouts":"default","ast-page-background-enabled":"default","ast-page-background-meta":{"desktop":{"background-color":"var(--ast-global-color-5)","background-image":"","background-repeat":"repeat","background-position":"center center","background-size":"auto","background-attachment":"scroll","background-type":"","background-media":"","overlay-type":"","overlay-color":"","overlay-opacity":"","overlay-gradient":""},"tablet":{"background-color":"","background-image":"","background-repeat":"repeat","background-position":"center center","background-size":"auto","background-attachment":"scroll","background-type":"","background-media":"","overlay-type":"","overlay-color":"","overlay-opacity":"","overlay-gradient":""},"mobile":{"background-color":"","background-image":"","background-repeat":"repeat","background-position":"center center","background-size":"auto","background-attachment":"scroll","background-type":"","background-media":"","overlay-type":"","overlay-color":"","overlay-opacity":"","overlay-gradient":""}},"ast-content-background-meta":{"desktop":{"background-color":"var(--ast-global-color-4)","background-image":"","background-repeat":"repeat","background-position":"center center","background-size":"auto","background-attachment":"scroll","background-type":"","background-media":"","overlay-type":"","overlay-color":"","overlay-opacity":"","overlay-gradient":""},"tablet":{"background-color":"var(--ast-global-color-4)","background-image":"","background-repeat":"repeat","background-position":"center center","background-size":"auto","background-attachment":"scroll","background-type":"","background-media":"","overlay-type":"","overlay-color":"","overlay-opacity":"","overlay-gradient":""},"mobile":{"background-color":"var(--ast-global-color-4)","background-image":"","background-repeat":"repeat","background-position":"center center","background-size":"auto","background-attachment":"scroll","background-type":"","background-media":"","overlay-type":"","overlay-color":"","overlay-opacity":"","overlay-gradient":""}},"footnotes":""},"class_list":["post-1004","page","type-page","status-publish","hentry"],"_links":{"self":[{"href":"https:\/\/iscidenetimi.net\/index.php?rest_route=\/wp\/v2\/pages\/1004","targetHints":{"allow":["GET"]}}],"collection":[{"href":"https:\/\/iscidenetimi.net\/index.php?rest_route=\/wp\/v2\/pages"}],"about":[{"href":"https:\/\/iscidenetimi.net\/index.php?rest_route=\/wp\/v2\/types\/page"}],"author":[{"embeddable":true,"href":"https:\/\/iscidenetimi.net\/index.php?rest_route=\/wp\/v2\/users\/1"}],"replies":[{"embeddable":true,"href":"https:\/\/iscidenetimi.net\/index.php?rest_route=%2Fwp%2Fv2%2Fcomments&post=1004"}],"version-history":[{"count":1,"href":"https:\/\/iscidenetimi.net\/index.php?rest_route=\/wp\/v2\/pages\/1004\/revisions"}],"predecessor-version":[{"id":1005,"href":"https:\/\/iscidenetimi.net\/index.php?rest_route=\/wp\/v2\/pages\/1004\/revisions\/1005"}],"wp:attachment":[{"href":"https:\/\/iscidenetimi.net\/index.php?rest_route=%2Fwp%2Fv2%2Fmedia&parent=1004"}],"curies":[{"name":"wp","href":"https:\/\/api.w.org\/{rel}","templated":true}]}}